{"id":311,"date":"2024-02-14T13:20:33","date_gmt":"2024-02-14T13:20:33","guid":{"rendered":"https:\/\/eurobasilea.preprod.wooz-up.com\/mentions-legales\/"},"modified":"2024-05-02T06:45:21","modified_gmt":"2024-05-02T06:45:21","slug":"mentions-legales","status":"publish","type":"page","link":"https:\/\/eurobasilea.com\/fr\/mentions-legales\/","title":{"rendered":"Mentions l\u00e9gales"},"content":{"rendered":"        \n                                    \n    \n\n<section class=\"section section--color-white\" id=\"\" style=\";\">\n    <div class=\"grid-container\">\n\n<h1 class=\"wp-block-heading\">Mentions l\u00e9gales<\/h1>\n\n\n\n<h2 class=\"wp-block-heading\">1. Pr\u00e9sentation du site internet.\u00a0<\/h2>\n\n\n\n<p><strong>Propri\u00e9taire<\/strong>\u202f: EuroBasilea SA-Capital social de CHF 100\u2019000 -Grenzacherstrasse 9, 4132 Muttenz, Suisse.&nbsp;<\/p>\n\n\n\n<p><strong>Num\u00e9ro de TVA<\/strong> : CHE-438.605.521 MWST&nbsp;<\/p>\n\n\n\n<p><strong>Num\u00e9ro d\u2019immatriculation<\/strong>\u202f: CHE-438.605.521&nbsp;<\/p>\n\n\n\n<p><strong>Responsable publication<\/strong>\u202f: Stefan Haas &#8211; info@eurobasilea.com&nbsp;&nbsp;<\/p>\n\n\n\n<p><strong>H\u00e9bergeur<\/strong>\u202f: OVH \u2013 2 rue Kellermann 59100 Roubaix 1007&nbsp;&nbsp;<\/p>\n\n\n\n<h2 class=\"wp-block-heading\">2. Propri\u00e9t\u00e9 intellectuelle et contrefa\u00e7ons.&nbsp;<\/h2>\n\n\n\n<p>L\u2019int\u00e9gralit\u00e9 du contenu du pr\u00e9sent Site Internet est prot\u00e9g\u00e9e par les droits d\u2019auteur. Tous droits sont r\u00e9serv\u00e9s. L\u2019acc\u00e8s au pr\u00e9sent site internet, le t\u00e9l\u00e9chargement ou la copie de donn\u00e9es du site ou de parties de celui-ci ne conf\u00e8re aucun droit \u00e0 l\u2019utilisateur sur le contenu, les logiciels, les marques enregistr\u00e9es ou tout autre \u00e9l\u00e9ment du site. Toute modification, reproduction ou utilisation enti\u00e8re ou partielle du Site Internet et du logo de EuroBasilea \u00e0 des fins publiques ou commerciales est strictement interdite.&nbsp;<\/p>\n\n\n\n<p>Toute exploitation non autoris\u00e9e du site ou de l\u2019un quelconque des \u00e9l\u00e9ments qu\u2019il contient sera consid\u00e9r\u00e9e comme constitutive d\u2019une contrefa\u00e7on et poursuivie conform\u00e9ment aux dispositions applicables.&nbsp;<\/p>\n\n\n\n<h2 class=\"wp-block-heading\">3. Limitations de responsabilit\u00e9.&nbsp;<\/h2>\n\n\n\n<p>Le pr\u00e9sent Site Internet vise \u00e0 transmettre des informations sur le RER transfrontalier de B\u00e2le entre la France et la Suisse. La fr\u00e9quentation du site par tout utilisateur n\u2019engage en aucun cas EuroBasilea SA \u00e0 une quelconque relation contractuelle avec l\u2019utilisateur.&nbsp;<\/p>\n\n\n\n<p>EuroBasilea SA veille \u00e0 ce que les contenus de son site restent actuels, complets et corrects. Toutefois, puisque ces informations peuvent rapidement changer, l\u2019actualit\u00e9, l\u2019exhaustivit\u00e9 et la justesse ne peuvent pas \u00eatre garanties \u00e0 100 %.&nbsp;<\/p>\n\n\n\n<p>Les illustrations et photos notamment en ce qui concerne le mat\u00e9riel roulant sont communiqu\u00e9es \u00e0 titre indicatif et ne constituent en rien une version projet\u00e9e du produit final.&nbsp;&nbsp;<\/p>\n\n\n\n<p>Les indications fournies sur ce Site Internet ne repr\u00e9sentent aucune aide contraignante \u00e0 la d\u00e9cision et aucune r\u00e9ponse aux conseils demand\u00e9s ; qui plus est, elles ne doivent pas servir de base \u00e0 des d\u00e9cisions en droit du travail ou autre. Toute action qui peut \u00eatre imput\u00e9e aux informations pr\u00e9sentes sur ce site est exclusivement aux risques et p\u00e9rils de l\u2019utilisateur.&nbsp;<\/p>\n\n\n\n<p>EuroBasilea SA n\u2019assume aucune responsabilit\u00e9 quant au fait que et ne garantit en rien que les fonctions du pr\u00e9sent site soient disponibles et fonctionnent sans probl\u00e8me en permanence et sans interruption, ni que les serveurs auxquels il fait appel ne soient pas infect\u00e9s de virus ou d\u2019autres composants nuisibles.&nbsp;<\/p>\n\n\n\n<p>Le pr\u00e9sent Site Internet comprend des liens vers des sites Internet de tiers. EuroBasilea SA n\u2019a pas d\u2019influence sur leurs contenus et n\u2019apporte donc aucune garantie quant \u00e0 leur justesse, \u00e0 leur exhaustivit\u00e9 et \u00e0 leur conformit\u00e9 l\u00e9gale. Par cons\u00e9quent, EuroBasilea SA d\u00e9cline toute responsabilit\u00e9 \u00e0 l\u2019\u00e9gard des contenus des pages Internet de tiers.&nbsp;<\/p>\n\n\n\n<p>La communication par e-mail passe par un r\u00e9seau ouvert, accessible de tous et d\u00e9passant les fronti\u00e8res. Elle n\u2019est pas crypt\u00e9e. Il ne peut ainsi pas \u00eatre exclu que les donn\u00e9es envoy\u00e9es par ce biais soient lues par des tiers et que les \u00e9changes avec EuroBasilea SA puissent \u00eatre suivis.&nbsp;<\/p>\n\n\n\n<p>Les contenus du pr\u00e9sent Site Internet ne comportent aucune assurance ou garantie. EuroBasilea SA n\u2019est responsable en aucun cas, y compris par n\u00e9gligence ou envers des tiers, des dommages directs, indirects ou cons\u00e9cutifs d\u00e9coulant de l\u2019utilisation des informations et du mat\u00e9riel fournis sur ce Site Internet ou de l\u2019acc\u00e8s \u00e0 d\u2019autres sites par les liens figurant sur le pr\u00e9sent site.&nbsp;<\/p>\n\n<\/div>\n<\/section>\n","protected":false},"excerpt":{"rendered":"<p>En vertu de l\u2019article 6 de la loi n\u00b0 2004-575 du 21 juin 2004 pour la confiance dans l\u2019\u00e9conomie num\u00e9rique,<\/p>\n","protected":false},"author":1,"featured_media":0,"parent":0,"menu_order":0,"comment_status":"closed","ping_status":"closed","template":"","meta":{"_acf_changed":false,"inline_featured_image":false,"footnotes":""},"class_list":["post-311","page","type-page","status-publish","hentry"],"acf":[],"yoast_head":"<!-- This site is optimized with the Yoast SEO plugin v27.0 - https:\/\/yoast.com\/product\/yoast-seo-wordpress\/ -->\n<title>Mentions l\u00e9gales - Eurobasilea<\/title>\n<meta name=\"description\" content=\"En vertu de l\u2019article 6 de la loi n\u00b0 2004-575 du 21 juin 2004 pour la confiance dans l\u2019\u00e9conomie num\u00e9rique,\" \/>\n<meta name=\"robots\" content=\"index, follow, max-snippet:-1, max-image-preview:large, max-video-preview:-1\" \/>\n<link rel=\"canonical\" href=\"https:\/\/eurobasilea.com\/fr\/mentions-legales\/\" \/>\n<meta property=\"og:locale\" content=\"fr_FR\" \/>\n<meta property=\"og:type\" content=\"article\" \/>\n<meta property=\"og:title\" content=\"Mentions l\u00e9gales - Eurobasilea\" \/>\n<meta property=\"og:description\" content=\"En vertu de l\u2019article 6 de la loi n\u00b0 2004-575 du 21 juin 2004 pour la confiance dans l\u2019\u00e9conomie num\u00e9rique,\" \/>\n<meta property=\"og:url\" content=\"https:\/\/eurobasilea.com\/fr\/mentions-legales\/\" \/>\n<meta property=\"og:site_name\" content=\"Eurobasilea\" \/>\n<meta property=\"article:modified_time\" content=\"2024-05-02T06:45:21+00:00\" \/>\n<meta name=\"twitter:card\" content=\"summary_large_image\" \/>\n<meta name=\"twitter:label1\" content=\"Dur\u00e9e de lecture estim\u00e9e\" \/>\n\t<meta name=\"twitter:data1\" content=\"3 minutes\" \/>\n<script type=\"application\/ld+json\" class=\"yoast-schema-graph\">{\"@context\":\"https:\/\/schema.org\",\"@graph\":[{\"@type\":\"WebPage\",\"@id\":\"https:\/\/eurobasilea.com\/fr\/mentions-legales\/\",\"url\":\"https:\/\/eurobasilea.com\/fr\/mentions-legales\/\",\"name\":\"Mentions l\u00e9gales - Eurobasilea\",\"isPartOf\":{\"@id\":\"https:\/\/eurobasilea.com\/fr\/#website\"},\"datePublished\":\"2024-02-14T13:20:33+00:00\",\"dateModified\":\"2024-05-02T06:45:21+00:00\",\"description\":\"En vertu de l\u2019article 6 de la loi n\u00b0 2004-575 du 21 juin 2004 pour la confiance dans l\u2019\u00e9conomie num\u00e9rique,\",\"breadcrumb\":{\"@id\":\"https:\/\/eurobasilea.com\/fr\/mentions-legales\/#breadcrumb\"},\"inLanguage\":\"fr-FR\",\"potentialAction\":[{\"@type\":\"ReadAction\",\"target\":[\"https:\/\/eurobasilea.com\/fr\/mentions-legales\/\"]}]},{\"@type\":\"BreadcrumbList\",\"@id\":\"https:\/\/eurobasilea.com\/fr\/mentions-legales\/#breadcrumb\",\"itemListElement\":[{\"@type\":\"ListItem\",\"position\":1,\"name\":\"Home\",\"item\":\"https:\/\/eurobasilea.com\/fr\/\"},{\"@type\":\"ListItem\",\"position\":2,\"name\":\"Mentions l\u00e9gales\"}]},{\"@type\":\"WebSite\",\"@id\":\"https:\/\/eurobasilea.com\/fr\/#website\",\"url\":\"https:\/\/eurobasilea.com\/fr\/\",\"name\":\"Eurobasilea\",\"description\":\"\",\"potentialAction\":[{\"@type\":\"SearchAction\",\"target\":{\"@type\":\"EntryPoint\",\"urlTemplate\":\"https:\/\/eurobasilea.com\/fr\/?s={search_term_string}\"},\"query-input\":{\"@type\":\"PropertyValueSpecification\",\"valueRequired\":true,\"valueName\":\"search_term_string\"}}],\"inLanguage\":\"fr-FR\"}]}<\/script>\n<!-- \/ Yoast SEO plugin. -->","yoast_head_json":{"title":"Mentions l\u00e9gales - Eurobasilea","description":"En vertu de l\u2019article 6 de la loi n\u00b0 2004-575 du 21 juin 2004 pour la confiance dans l\u2019\u00e9conomie num\u00e9rique,","robots":{"index":"index","follow":"follow","max-snippet":"max-snippet:-1","max-image-preview":"max-image-preview:large","max-video-preview":"max-video-preview:-1"},"canonical":"https:\/\/eurobasilea.com\/fr\/mentions-legales\/","og_locale":"fr_FR","og_type":"article","og_title":"Mentions l\u00e9gales - Eurobasilea","og_description":"En vertu de l\u2019article 6 de la loi n\u00b0 2004-575 du 21 juin 2004 pour la confiance dans l\u2019\u00e9conomie num\u00e9rique,","og_url":"https:\/\/eurobasilea.com\/fr\/mentions-legales\/","og_site_name":"Eurobasilea","article_modified_time":"2024-05-02T06:45:21+00:00","twitter_card":"summary_large_image","twitter_misc":{"Dur\u00e9e de lecture estim\u00e9e":"3 minutes"},"schema":{"@context":"https:\/\/schema.org","@graph":[{"@type":"WebPage","@id":"https:\/\/eurobasilea.com\/fr\/mentions-legales\/","url":"https:\/\/eurobasilea.com\/fr\/mentions-legales\/","name":"Mentions l\u00e9gales - Eurobasilea","isPartOf":{"@id":"https:\/\/eurobasilea.com\/fr\/#website"},"datePublished":"2024-02-14T13:20:33+00:00","dateModified":"2024-05-02T06:45:21+00:00","description":"En vertu de l\u2019article 6 de la loi n\u00b0 2004-575 du 21 juin 2004 pour la confiance dans l\u2019\u00e9conomie num\u00e9rique,","breadcrumb":{"@id":"https:\/\/eurobasilea.com\/fr\/mentions-legales\/#breadcrumb"},"inLanguage":"fr-FR","potentialAction":[{"@type":"ReadAction","target":["https:\/\/eurobasilea.com\/fr\/mentions-legales\/"]}]},{"@type":"BreadcrumbList","@id":"https:\/\/eurobasilea.com\/fr\/mentions-legales\/#breadcrumb","itemListElement":[{"@type":"ListItem","position":1,"name":"Home","item":"https:\/\/eurobasilea.com\/fr\/"},{"@type":"ListItem","position":2,"name":"Mentions l\u00e9gales"}]},{"@type":"WebSite","@id":"https:\/\/eurobasilea.com\/fr\/#website","url":"https:\/\/eurobasilea.com\/fr\/","name":"Eurobasilea","description":"","potentialAction":[{"@type":"SearchAction","target":{"@type":"EntryPoint","urlTemplate":"https:\/\/eurobasilea.com\/fr\/?s={search_term_string}"},"query-input":{"@type":"PropertyValueSpecification","valueRequired":true,"valueName":"search_term_string"}}],"inLanguage":"fr-FR"}]}},"_links":{"self":[{"href":"https:\/\/eurobasilea.com\/fr\/wp-json\/wp\/v2\/pages\/311","targetHints":{"allow":["GET"]}}],"collection":[{"href":"https:\/\/eurobasilea.com\/fr\/wp-json\/wp\/v2\/pages"}],"about":[{"href":"https:\/\/eurobasilea.com\/fr\/wp-json\/wp\/v2\/types\/page"}],"author":[{"embeddable":true,"href":"https:\/\/eurobasilea.com\/fr\/wp-json\/wp\/v2\/users\/1"}],"replies":[{"embeddable":true,"href":"https:\/\/eurobasilea.com\/fr\/wp-json\/wp\/v2\/comments?post=311"}],"version-history":[{"count":5,"href":"https:\/\/eurobasilea.com\/fr\/wp-json\/wp\/v2\/pages\/311\/revisions"}],"predecessor-version":[{"id":560,"href":"https:\/\/eurobasilea.com\/fr\/wp-json\/wp\/v2\/pages\/311\/revisions\/560"}],"wp:attachment":[{"href":"https:\/\/eurobasilea.com\/fr\/wp-json\/wp\/v2\/media?parent=311"}],"curies":[{"name":"wp","href":"https:\/\/api.w.org\/{rel}","templated":true}]}}