{"id":304,"date":"2024-02-14T13:21:01","date_gmt":"2024-02-14T13:21:01","guid":{"rendered":"https:\/\/eurobasilea.preprod.wooz-up.com\/mentions-legales\/"},"modified":"2024-05-02T11:33:45","modified_gmt":"2024-05-02T11:33:45","slug":"plan-du-site","status":"publish","type":"page","link":"https:\/\/eurobasilea.com\/fr\/plan-du-site\/","title":{"rendered":"Plan du site"},"content":{"rendered":"        \n                                    \n    \n\n<section class=\"section section--color-white\" id=\"\" style=\";\">\n    <div class=\"grid-container\">\n\n<h1 class=\"wp-block-heading\">Plan du site<\/h1>\n\n\n\n<div class=\"wsp-container\"><h2 class=\"wsp-pages-title\">Pages<\/h2>\n<ul class=\"wsp-pages-list\">\n<li class=\"page_item page-item-234\"><a href=\"https:\/\/eurobasilea.com\/fr\/a-propos-de-nous\/\">\u00c0 propos de nous<\/a><\/li>\n<li class=\"page_item page-item-226\"><a href=\"https:\/\/eurobasilea.com\/fr\/\">Accueil<\/a><\/li>\n<li class=\"page_item page-item-277 current_page_parent\"><a href=\"https:\/\/eurobasilea.com\/fr\/actualites\/\">Actualit\u00e9s<\/a><\/li>\n<li class=\"page_item page-item-307\"><a href=\"https:\/\/eurobasilea.com\/fr\/politique-de-confidentialite\/\">Conditions g\u00e9n\u00e9rales d&rsquo;utilisation et politique de confidentialit\u00e9<\/a><\/li>\n<li class=\"page_item page-item-256\"><a href=\"https:\/\/eurobasilea.com\/fr\/contact\/\">Contact<\/a><\/li>\n<li class=\"page_item page-item-320\"><a href=\"https:\/\/eurobasilea.com\/fr\/contact-presse\/\">Contact Presse<\/a><\/li>\n<li class=\"page_item page-item-245\"><a href=\"https:\/\/eurobasilea.com\/fr\/contexte\/\">Contexte<\/a><\/li>\n<li class=\"page_item page-item-241\"><a href=\"https:\/\/eurobasilea.com\/fr\/loffre\/\">L&rsquo;offre<\/a><\/li>\n<li class=\"page_item page-item-237\"><a href=\"https:\/\/eurobasilea.com\/fr\/le-conseil-dadministration\/\">Le conseil d\u2019administration<\/a><\/li>\n<li class=\"page_item page-item-311\"><a href=\"https:\/\/eurobasilea.com\/fr\/mentions-legales\/\">Mentions l\u00e9gales<\/a><\/li>\n<li class=\"page_item page-item-304\"><a href=\"https:\/\/eurobasilea.com\/fr\/plan-du-site\/\">Plan du site<\/a><\/li>\n<li class=\"page_item page-item-254\"><a href=\"https:\/\/eurobasilea.com\/fr\/porteurs-du-projet-et-financement\/\">Porteurs du projet et financement<\/a><\/li>\n<li class=\"page_item page-item-317\"><a href=\"https:\/\/eurobasilea.com\/fr\/revue-de-presse\/\">Revue de Presse<\/a><\/li>\n<li class=\"page_item page-item-323\"><a href=\"https:\/\/eurobasilea.com\/fr\/telechargement-des-documents-et-de-la-carte\/\">T\u00e9l\u00e9chargement des documents<\/a><\/li>\n<\/ul>\n<h2 class=\"wsp-posts-title\">Articles par cat\u00e9gorie<\/h2>\n<ul class=\"wsp-posts-list\">\n\t<li><strong class=\"wsp-category-title\">Cat\u00e9gorie : <a href=\"https:\/\/eurobasilea.com\/fr\/category\/actualite\/\">Actualit\u00e9<\/a><\/strong>\n<ul class=\"wsp-posts-list\">\t\t<li class=\"wsp-post\"><a href=\"https:\/\/eurobasilea.com\/fr\/fin-de-la-construction-du-premier-train-du-rer-transfrontalier-de-bale\/\">Fin de la construction du premier train du RER transfrontalier de B\u00e2le<\/a><\/li>\n\t\t<li class=\"wsp-post\"><a href=\"https:\/\/eurobasilea.com\/fr\/presentation-des-nouveaux-trains-du-rer-transfrontalier-de-bale\/\">Pr\u00e9sentation des nouveaux trains du RER transfrontalier de B\u00e2le. \u00a0<\/a><\/li>\n\t\t<li class=\"wsp-post\"><a href=\"https:\/\/eurobasilea.com\/fr\/33-trains-modernes-pour-le-rer-trinational-de-bale\/\">33 trains modernes pour le RER trinational de B\u00e2le<\/a><\/li>\n<\/ul><\/li>\n<\/ul>\n<\/div>\n\n<\/div>\n<\/section>\n","protected":false},"excerpt":{"rendered":"<p>&nbsp;<\/p>\n","protected":false},"author":1,"featured_media":0,"parent":0,"menu_order":0,"comment_status":"closed","ping_status":"closed","template":"","meta":{"_acf_changed":false,"inline_featured_image":false,"footnotes":""},"class_list":["post-304","page","type-page","status-publish","hentry"],"acf":[],"yoast_head":"<!-- This site is optimized with the Yoast SEO plugin v27.0 - https:\/\/yoast.com\/product\/yoast-seo-wordpress\/ -->\n<title>Plan du site - Eurobasilea<\/title>\n<meta name=\"description\" content=\"&nbsp;\" \/>\n<meta name=\"robots\" content=\"index, follow, max-snippet:-1, max-image-preview:large, max-video-preview:-1\" \/>\n<link rel=\"canonical\" href=\"https:\/\/eurobasilea.com\/fr\/plan-du-site\/\" \/>\n<meta property=\"og:locale\" content=\"fr_FR\" \/>\n<meta property=\"og:type\" content=\"article\" \/>\n<meta property=\"og:title\" content=\"Plan du site - Eurobasilea\" \/>\n<meta property=\"og:description\" content=\"&nbsp;\" \/>\n<meta property=\"og:url\" content=\"https:\/\/eurobasilea.com\/fr\/plan-du-site\/\" \/>\n<meta property=\"og:site_name\" content=\"Eurobasilea\" \/>\n<meta property=\"article:modified_time\" content=\"2024-05-02T11:33:45+00:00\" \/>\n<meta name=\"twitter:card\" content=\"summary_large_image\" \/>\n<meta name=\"twitter:label1\" content=\"Dur\u00e9e de lecture estim\u00e9e\" \/>\n\t<meta name=\"twitter:data1\" content=\"1 minute\" \/>\n<script type=\"application\/ld+json\" class=\"yoast-schema-graph\">{\"@context\":\"https:\/\/schema.org\",\"@graph\":[{\"@type\":\"WebPage\",\"@id\":\"https:\/\/eurobasilea.com\/fr\/plan-du-site\/\",\"url\":\"https:\/\/eurobasilea.com\/fr\/plan-du-site\/\",\"name\":\"Plan du site - Eurobasilea\",\"isPartOf\":{\"@id\":\"https:\/\/eurobasilea.com\/fr\/#website\"},\"datePublished\":\"2024-02-14T13:21:01+00:00\",\"dateModified\":\"2024-05-02T11:33:45+00:00\",\"description\":\"&nbsp;\",\"breadcrumb\":{\"@id\":\"https:\/\/eurobasilea.com\/fr\/plan-du-site\/#breadcrumb\"},\"inLanguage\":\"fr-FR\",\"potentialAction\":[{\"@type\":\"ReadAction\",\"target\":[\"https:\/\/eurobasilea.com\/fr\/plan-du-site\/\"]}]},{\"@type\":\"BreadcrumbList\",\"@id\":\"https:\/\/eurobasilea.com\/fr\/plan-du-site\/#breadcrumb\",\"itemListElement\":[{\"@type\":\"ListItem\",\"position\":1,\"name\":\"Home\",\"item\":\"https:\/\/eurobasilea.com\/fr\/\"},{\"@type\":\"ListItem\",\"position\":2,\"name\":\"Plan du site\"}]},{\"@type\":\"WebSite\",\"@id\":\"https:\/\/eurobasilea.com\/fr\/#website\",\"url\":\"https:\/\/eurobasilea.com\/fr\/\",\"name\":\"Eurobasilea\",\"description\":\"\",\"potentialAction\":[{\"@type\":\"SearchAction\",\"target\":{\"@type\":\"EntryPoint\",\"urlTemplate\":\"https:\/\/eurobasilea.com\/fr\/?s={search_term_string}\"},\"query-input\":{\"@type\":\"PropertyValueSpecification\",\"valueRequired\":true,\"valueName\":\"search_term_string\"}}],\"inLanguage\":\"fr-FR\"}]}<\/script>\n<!-- \/ Yoast SEO plugin. -->","yoast_head_json":{"title":"Plan du site - Eurobasilea","description":"&nbsp;","robots":{"index":"index","follow":"follow","max-snippet":"max-snippet:-1","max-image-preview":"max-image-preview:large","max-video-preview":"max-video-preview:-1"},"canonical":"https:\/\/eurobasilea.com\/fr\/plan-du-site\/","og_locale":"fr_FR","og_type":"article","og_title":"Plan du site - Eurobasilea","og_description":"&nbsp;","og_url":"https:\/\/eurobasilea.com\/fr\/plan-du-site\/","og_site_name":"Eurobasilea","article_modified_time":"2024-05-02T11:33:45+00:00","twitter_card":"summary_large_image","twitter_misc":{"Dur\u00e9e de lecture estim\u00e9e":"1 minute"},"schema":{"@context":"https:\/\/schema.org","@graph":[{"@type":"WebPage","@id":"https:\/\/eurobasilea.com\/fr\/plan-du-site\/","url":"https:\/\/eurobasilea.com\/fr\/plan-du-site\/","name":"Plan du site - Eurobasilea","isPartOf":{"@id":"https:\/\/eurobasilea.com\/fr\/#website"},"datePublished":"2024-02-14T13:21:01+00:00","dateModified":"2024-05-02T11:33:45+00:00","description":"&nbsp;","breadcrumb":{"@id":"https:\/\/eurobasilea.com\/fr\/plan-du-site\/#breadcrumb"},"inLanguage":"fr-FR","potentialAction":[{"@type":"ReadAction","target":["https:\/\/eurobasilea.com\/fr\/plan-du-site\/"]}]},{"@type":"BreadcrumbList","@id":"https:\/\/eurobasilea.com\/fr\/plan-du-site\/#breadcrumb","itemListElement":[{"@type":"ListItem","position":1,"name":"Home","item":"https:\/\/eurobasilea.com\/fr\/"},{"@type":"ListItem","position":2,"name":"Plan du site"}]},{"@type":"WebSite","@id":"https:\/\/eurobasilea.com\/fr\/#website","url":"https:\/\/eurobasilea.com\/fr\/","name":"Eurobasilea","description":"","potentialAction":[{"@type":"SearchAction","target":{"@type":"EntryPoint","urlTemplate":"https:\/\/eurobasilea.com\/fr\/?s={search_term_string}"},"query-input":{"@type":"PropertyValueSpecification","valueRequired":true,"valueName":"search_term_string"}}],"inLanguage":"fr-FR"}]}},"_links":{"self":[{"href":"https:\/\/eurobasilea.com\/fr\/wp-json\/wp\/v2\/pages\/304","targetHints":{"allow":["GET"]}}],"collection":[{"href":"https:\/\/eurobasilea.com\/fr\/wp-json\/wp\/v2\/pages"}],"about":[{"href":"https:\/\/eurobasilea.com\/fr\/wp-json\/wp\/v2\/types\/page"}],"author":[{"embeddable":true,"href":"https:\/\/eurobasilea.com\/fr\/wp-json\/wp\/v2\/users\/1"}],"replies":[{"embeddable":true,"href":"https:\/\/eurobasilea.com\/fr\/wp-json\/wp\/v2\/comments?post=304"}],"version-history":[{"count":5,"href":"https:\/\/eurobasilea.com\/fr\/wp-json\/wp\/v2\/pages\/304\/revisions"}],"predecessor-version":[{"id":573,"href":"https:\/\/eurobasilea.com\/fr\/wp-json\/wp\/v2\/pages\/304\/revisions\/573"}],"wp:attachment":[{"href":"https:\/\/eurobasilea.com\/fr\/wp-json\/wp\/v2\/media?parent=304"}],"curies":[{"name":"wp","href":"https:\/\/api.w.org\/{rel}","templated":true}]}}