{"id":237,"date":"2024-02-07T09:48:59","date_gmt":"2024-02-07T09:48:59","guid":{"rendered":"https:\/\/eurobasilea.preprod.wooz-up.com\/le-conseil-dadministration\/"},"modified":"2025-11-18T13:18:19","modified_gmt":"2025-11-18T13:18:19","slug":"le-conseil-dadministration","status":"publish","type":"page","link":"https:\/\/eurobasilea.com\/fr\/le-conseil-dadministration\/","title":{"rendered":"Le conseil d\u2019administration"},"content":{"rendered":"        \n                                    \n    \n\n<section class=\"section section--color-light-gray\" id=\"\" style=\";\">\n    <div class=\"grid-container\">\n\n<h1 class=\"wp-block-heading\">Le conseil d\u2019administration<\/h1>\n\n\n\n<p>L\u2019organe de surveillance d\u2019EuroBasilea SA est le conseil d\u2019administration compos\u00e9 de cinq membres. Il est constitu\u00e9 de cinq actionnaires : trois membres des Chemins de Fer Suisses (CFF) et deux membres de la SNCF Voyageurs. La responsabilit\u00e9 op\u00e9rationnelle incombe \u00e0 la direction \u00e0 deux t\u00eates.<\/p>\n\n<\/div>\n<\/section>\n\n\n        \n                                    \n    \n\n<section class=\"section section--color-white\" id=\"\" style=\";\">\n    <div class=\"grid-container\">\n<div class=\"trombinoscope-grid grid-x grid-padding-x grid-padding-y small-up-1 medium-up-2\">\n<div class=\"cell\">\n        <div class=\"trombinoscope\">\n        <div class=\"trombinoscope__picture\">\n            <img loading=\"lazy\" decoding=\"async\" width=\"300\" height=\"450\" src=\"https:\/\/eurobasilea.com\/app\/uploads\/2025\/11\/Ronan-BOIS.jpg\" class=\"trombinoscope__image focal-point-image\" alt=\"\" srcset=\"https:\/\/eurobasilea.com\/app\/uploads\/2025\/11\/Ronan-BOIS.jpg 300w, https:\/\/eurobasilea.com\/app\/uploads\/2025\/11\/Ronan-BOIS-200x300.jpg 200w\" sizes=\"auto, (max-width: 300px) 100vw, 300px\" style=\" --focal-point-left: 0.5; --focal-point-top: 0.5; \" \/>\n        <\/div>\n        <div class=\"trombinoscope__content\">\n            <div class=\"trombinoscope__name\">Ronan Bois<\/div>\n            <div class=\"trombinoscope__job\">Pr\u00e9sident<\/div>\n                        <p>Directeur R\u00e9gional TER Grand Est SNCF Voyageurs<\/p>\n                    <\/div>\n    <\/div>\n    <\/div>\n\n\n<div class=\"cell\">\n        <div class=\"trombinoscope\">\n        <div class=\"trombinoscope__picture\">\n            <img loading=\"lazy\" decoding=\"async\" width=\"300\" height=\"336\" src=\"https:\/\/eurobasilea.com\/app\/uploads\/2024\/02\/michel_berchtold_Vizeprasident.jpg\" class=\"trombinoscope__image focal-point-image\" alt=\"\" srcset=\"https:\/\/eurobasilea.com\/app\/uploads\/2024\/02\/michel_berchtold_Vizeprasident.jpg 300w, https:\/\/eurobasilea.com\/app\/uploads\/2024\/02\/michel_berchtold_Vizeprasident-268x300.jpg 268w\" sizes=\"auto, (max-width: 300px) 100vw, 300px\" style=\" --focal-point-left: 0.5; --focal-point-top: 0.5; \" \/>\n        <\/div>\n        <div class=\"trombinoscope__content\">\n            <div class=\"trombinoscope__name\">Michel Berchtold<\/div>\n            <div class=\"trombinoscope__job\">Vice-Pr\u00e9sident<\/div>\n                        <p>Directeur R\u00e9gional Centre CFF<\/p>\n                    <\/div>\n    <\/div>\n    <\/div>\n\n\n<div class=\"cell\">\n        <div class=\"trombinoscope\">\n        <div class=\"trombinoscope__picture\">\n            <img loading=\"lazy\" decoding=\"async\" width=\"300\" height=\"449\" src=\"https:\/\/eurobasilea.com\/app\/uploads\/2024\/02\/Eric-STEIL.jpg\" class=\"trombinoscope__image focal-point-image\" alt=\"\" srcset=\"https:\/\/eurobasilea.com\/app\/uploads\/2024\/02\/Eric-STEIL.jpg 300w, https:\/\/eurobasilea.com\/app\/uploads\/2024\/02\/Eric-STEIL-200x300.jpg 200w\" sizes=\"auto, (max-width: 300px) 100vw, 300px\" style=\" --focal-point-left: 0.5; --focal-point-top: 0.5; \" \/>\n        <\/div>\n        <div class=\"trombinoscope__content\">\n            <div class=\"trombinoscope__name\">Eric Steil<\/div>\n            <div class=\"trombinoscope__job\">Administrateur<\/div>\n                        <p>Directeur Marketing &amp;amp; D\u00e9veloppement TER SNCF Voyageurs<\/p>\n                    <\/div>\n    <\/div>\n    <\/div>\n\n\n<div class=\"cell\">\n        <div class=\"trombinoscope\">\n        <div class=\"trombinoscope__picture\">\n            <img loading=\"lazy\" decoding=\"async\" width=\"267\" height=\"343\" src=\"https:\/\/eurobasilea.com\/app\/uploads\/2025\/06\/Portrait-Simon-Berger_portrait_crop.jpg\" class=\"trombinoscope__image focal-point-image\" alt=\"\" srcset=\"https:\/\/eurobasilea.com\/app\/uploads\/2025\/06\/Portrait-Simon-Berger_portrait_crop.jpg 267w, https:\/\/eurobasilea.com\/app\/uploads\/2025\/06\/Portrait-Simon-Berger_portrait_crop-234x300.jpg 234w\" sizes=\"auto, (max-width: 267px) 100vw, 267px\" style=\" --focal-point-left: 0.5; --focal-point-top: 0.5; \" \/>\n        <\/div>\n        <div class=\"trombinoscope__content\">\n            <div class=\"trombinoscope__name\">Simon Berger<\/div>\n            <div class=\"trombinoscope__job\">Administrateur<\/div>\n                        <p>Responsable Division Finance Center March\u00e9 Voyageurs CFF<\/p>\n                    <\/div>\n    <\/div>\n    <\/div>\n\n\n<div class=\"cell\">\n        <div class=\"trombinoscope\">\n        <div class=\"trombinoscope__picture\">\n            <img loading=\"lazy\" decoding=\"async\" width=\"300\" height=\"420\" src=\"https:\/\/eurobasilea.com\/app\/uploads\/2024\/02\/christian_frisch.jpg\" class=\"trombinoscope__image focal-point-image\" alt=\"\" srcset=\"https:\/\/eurobasilea.com\/app\/uploads\/2024\/02\/christian_frisch.jpg 300w, https:\/\/eurobasilea.com\/app\/uploads\/2024\/02\/christian_frisch-214x300.jpg 214w\" sizes=\"auto, (max-width: 300px) 100vw, 300px\" style=\" --focal-point-left: 0.5; --focal-point-top: 0.5; \" \/>\n        <\/div>\n        <div class=\"trombinoscope__content\">\n            <div class=\"trombinoscope__name\">Christian Frisch<\/div>\n            <div class=\"trombinoscope__job\">Administrateur<\/div>\n                        <p>Directeur d\u00e9veloppement <br \/>\ndu mat\u00e9riel roulant <br \/>\nCFF<\/p>\n                    <\/div>\n    <\/div>\n    <\/div>\n\n\n<div class=\"cell\">\n        <div class=\"trombinoscope\">\n        <div class=\"trombinoscope__picture\">\n            <img loading=\"lazy\" decoding=\"async\" width=\"827\" height=\"1063\" src=\"https:\/\/eurobasilea.com\/app\/uploads\/2024\/03\/Ge_rald_BARRAS.jpg\" class=\"trombinoscope__image focal-point-image\" alt=\"\" srcset=\"https:\/\/eurobasilea.com\/app\/uploads\/2024\/03\/Ge_rald_BARRAS.jpg 827w, https:\/\/eurobasilea.com\/app\/uploads\/2024\/03\/Ge_rald_BARRAS-233x300.jpg 233w, https:\/\/eurobasilea.com\/app\/uploads\/2024\/03\/Ge_rald_BARRAS-797x1024.jpg 797w, https:\/\/eurobasilea.com\/app\/uploads\/2024\/03\/Ge_rald_BARRAS-768x987.jpg 768w\" sizes=\"auto, (max-width: 827px) 100vw, 827px\" style=\" --focal-point-left: 0.5; --focal-point-top: 0.5; \" \/>\n        <\/div>\n        <div class=\"trombinoscope__content\">\n            <div class=\"trombinoscope__name\">G\u00e9rald Barras<\/div>\n            <div class=\"trombinoscope__job\">Secr\u00e9taire<\/div>\n                        <p>Secr\u00e9taire du Conseil d&#039;Administration CFF <\/p>\n                    <\/div>\n    <\/div>\n    <\/div>\n\n<\/div>\n\n\n\n<h2 class=\"wp-block-heading\">Direction G\u00e9n\u00e9rale<\/h2>\n\n\n<div class=\"trombinoscope-grid grid-x grid-padding-x grid-padding-y small-up-1 medium-up-2\">\n<div class=\"cell\">\n        <div class=\"trombinoscope\">\n        <div class=\"trombinoscope__picture\">\n            <img loading=\"lazy\" decoding=\"async\" width=\"300\" height=\"300\" src=\"https:\/\/eurobasilea.com\/app\/uploads\/2024\/02\/stefan-haas.jpeg\" class=\"trombinoscope__image focal-point-image\" alt=\"\" srcset=\"https:\/\/eurobasilea.com\/app\/uploads\/2024\/02\/stefan-haas.jpeg 300w, https:\/\/eurobasilea.com\/app\/uploads\/2024\/02\/stefan-haas-150x150.jpeg 150w\" sizes=\"auto, (max-width: 300px) 100vw, 300px\" style=\" --focal-point-left: 0.5; --focal-point-top: 0.5; \" \/>\n        <\/div>\n        <div class=\"trombinoscope__content\">\n            <div class=\"trombinoscope__name\">Stefan Haas<\/div>\n            <div class=\"trombinoscope__job\">Directeur G\u00e9n\u00e9ral<\/div>\n                        <p>EuroBasilea SA<\/p>\n                    <\/div>\n    <\/div>\n    <\/div>\n\n\n<div class=\"cell\">\n        <div class=\"trombinoscope\">\n        <div class=\"trombinoscope__picture\">\n            <img loading=\"lazy\" decoding=\"async\" width=\"300\" height=\"300\" src=\"https:\/\/eurobasilea.com\/app\/uploads\/2024\/02\/Linda-MADOUR.jpg\" class=\"trombinoscope__image focal-point-image\" alt=\"\" srcset=\"https:\/\/eurobasilea.com\/app\/uploads\/2024\/02\/Linda-MADOUR.jpg 300w, https:\/\/eurobasilea.com\/app\/uploads\/2024\/02\/Linda-MADOUR-150x150.jpg 150w\" sizes=\"auto, (max-width: 300px) 100vw, 300px\" style=\" --focal-point-left: 0.5; --focal-point-top: 0.5; \" \/>\n        <\/div>\n        <div class=\"trombinoscope__content\">\n            <div class=\"trombinoscope__name\">Linda Madour<\/div>\n            <div class=\"trombinoscope__job\">Vice-Directrice G\u00e9n\u00e9rale<\/div>\n                        <p>EuroBasilea SA<\/p>\n                    <\/div>\n    <\/div>\n    <\/div>\n\n<\/div>\n\n<\/div>\n<\/section>\n","protected":false},"excerpt":{"rendered":"<p>L\u2019organe de surveillance supr\u00eame d\u2019EuroBasilea SA est le conseil d\u2019administration compos\u00e9 de cinq membres. Il est constitu\u00e9 de cinq actionnaires : trois membres des Chemins de Fer Suisses (CFF) et deux membres de la SNCF.<\/p>\n","protected":false},"author":1,"featured_media":103,"parent":0,"menu_order":0,"comment_status":"closed","ping_status":"closed","template":"","meta":{"_acf_changed":false,"inline_featured_image":false,"footnotes":""},"class_list":["post-237","page","type-page","status-publish","has-post-thumbnail","hentry"],"acf":[],"yoast_head":"<!-- This site is optimized with the Yoast SEO plugin v27.4 - https:\/\/yoast.com\/product\/yoast-seo-wordpress\/ -->\n<title>Le conseil d\u2019administration - Eurobasilea<\/title>\n<meta name=\"description\" content=\"L\u2019organe de surveillance supr\u00eame d\u2019EuroBasilea SA est le conseil d\u2019administration compos\u00e9 de cinq membres. Il est constitu\u00e9 de cinq actionnaires : trois membres des Chemins de Fer Suisses (CFF) et deux membres de la SNCF.\" \/>\n<meta name=\"robots\" content=\"index, follow, max-snippet:-1, max-image-preview:large, max-video-preview:-1\" \/>\n<link rel=\"canonical\" href=\"https:\/\/eurobasilea.com\/fr\/le-conseil-dadministration\/\" \/>\n<meta property=\"og:locale\" content=\"fr_FR\" \/>\n<meta property=\"og:type\" content=\"article\" \/>\n<meta property=\"og:title\" content=\"Le conseil d\u2019administration - Eurobasilea\" \/>\n<meta property=\"og:description\" content=\"L\u2019organe de surveillance supr\u00eame d\u2019EuroBasilea SA est le conseil d\u2019administration compos\u00e9 de cinq membres. Il est constitu\u00e9 de cinq actionnaires : trois membres des Chemins de Fer Suisses (CFF) et deux membres de la SNCF.\" \/>\n<meta property=\"og:url\" content=\"https:\/\/eurobasilea.com\/fr\/le-conseil-dadministration\/\" \/>\n<meta property=\"og:site_name\" content=\"Eurobasilea\" \/>\n<meta property=\"article:modified_time\" content=\"2025-11-18T13:18:19+00:00\" \/>\n<meta property=\"og:image\" content=\"https:\/\/eurobasilea.com\/app\/uploads\/2024\/02\/EuroBasilea_Exterieur_2.jpg\" \/>\n\t<meta property=\"og:image:width\" content=\"1920\" \/>\n\t<meta property=\"og:image:height\" content=\"1280\" \/>\n\t<meta property=\"og:image:type\" content=\"image\/jpeg\" \/>\n<meta name=\"twitter:card\" content=\"summary_large_image\" \/>\n<meta name=\"twitter:label1\" content=\"Dur\u00e9e de lecture estim\u00e9e\" \/>\n\t<meta name=\"twitter:data1\" content=\"1 minute\" \/>\n<script type=\"application\/ld+json\" class=\"yoast-schema-graph\">{\"@context\":\"https:\\\/\\\/schema.org\",\"@graph\":[{\"@type\":\"WebPage\",\"@id\":\"https:\\\/\\\/eurobasilea.com\\\/fr\\\/le-conseil-dadministration\\\/\",\"url\":\"https:\\\/\\\/eurobasilea.com\\\/fr\\\/le-conseil-dadministration\\\/\",\"name\":\"Le conseil d\u2019administration - Eurobasilea\",\"isPartOf\":{\"@id\":\"https:\\\/\\\/eurobasilea.com\\\/fr\\\/#website\"},\"primaryImageOfPage\":{\"@id\":\"https:\\\/\\\/eurobasilea.com\\\/fr\\\/le-conseil-dadministration\\\/#primaryimage\"},\"image\":{\"@id\":\"https:\\\/\\\/eurobasilea.com\\\/fr\\\/le-conseil-dadministration\\\/#primaryimage\"},\"thumbnailUrl\":\"https:\\\/\\\/eurobasilea.com\\\/app\\\/uploads\\\/2024\\\/02\\\/EuroBasilea_Exterieur_2.jpg\",\"datePublished\":\"2024-02-07T09:48:59+00:00\",\"dateModified\":\"2025-11-18T13:18:19+00:00\",\"description\":\"L\u2019organe de surveillance supr\u00eame d\u2019EuroBasilea SA est le conseil d\u2019administration compos\u00e9 de cinq membres. Il est constitu\u00e9 de cinq actionnaires : trois membres des Chemins de Fer Suisses (CFF) et deux membres de la SNCF.\",\"breadcrumb\":{\"@id\":\"https:\\\/\\\/eurobasilea.com\\\/fr\\\/le-conseil-dadministration\\\/#breadcrumb\"},\"inLanguage\":\"fr-FR\",\"potentialAction\":[{\"@type\":\"ReadAction\",\"target\":[\"https:\\\/\\\/eurobasilea.com\\\/fr\\\/le-conseil-dadministration\\\/\"]}]},{\"@type\":\"ImageObject\",\"inLanguage\":\"fr-FR\",\"@id\":\"https:\\\/\\\/eurobasilea.com\\\/fr\\\/le-conseil-dadministration\\\/#primaryimage\",\"url\":\"https:\\\/\\\/eurobasilea.com\\\/app\\\/uploads\\\/2024\\\/02\\\/EuroBasilea_Exterieur_2.jpg\",\"contentUrl\":\"https:\\\/\\\/eurobasilea.com\\\/app\\\/uploads\\\/2024\\\/02\\\/EuroBasilea_Exterieur_2.jpg\",\"width\":1920,\"height\":1280},{\"@type\":\"BreadcrumbList\",\"@id\":\"https:\\\/\\\/eurobasilea.com\\\/fr\\\/le-conseil-dadministration\\\/#breadcrumb\",\"itemListElement\":[{\"@type\":\"ListItem\",\"position\":1,\"name\":\"Home\",\"item\":\"https:\\\/\\\/eurobasilea.com\\\/fr\\\/\"},{\"@type\":\"ListItem\",\"position\":2,\"name\":\"Le conseil d\u2019administration\"}]},{\"@type\":\"WebSite\",\"@id\":\"https:\\\/\\\/eurobasilea.com\\\/fr\\\/#website\",\"url\":\"https:\\\/\\\/eurobasilea.com\\\/fr\\\/\",\"name\":\"Eurobasilea\",\"description\":\"\",\"potentialAction\":[{\"@type\":\"SearchAction\",\"target\":{\"@type\":\"EntryPoint\",\"urlTemplate\":\"https:\\\/\\\/eurobasilea.com\\\/fr\\\/?s={search_term_string}\"},\"query-input\":{\"@type\":\"PropertyValueSpecification\",\"valueRequired\":true,\"valueName\":\"search_term_string\"}}],\"inLanguage\":\"fr-FR\"}]}<\/script>\n<!-- \/ Yoast SEO plugin. -->","yoast_head_json":{"title":"Le conseil d\u2019administration - Eurobasilea","description":"L\u2019organe de surveillance supr\u00eame d\u2019EuroBasilea SA est le conseil d\u2019administration compos\u00e9 de cinq membres. Il est constitu\u00e9 de cinq actionnaires : trois membres des Chemins de Fer Suisses (CFF) et deux membres de la SNCF.","robots":{"index":"index","follow":"follow","max-snippet":"max-snippet:-1","max-image-preview":"max-image-preview:large","max-video-preview":"max-video-preview:-1"},"canonical":"https:\/\/eurobasilea.com\/fr\/le-conseil-dadministration\/","og_locale":"fr_FR","og_type":"article","og_title":"Le conseil d\u2019administration - Eurobasilea","og_description":"L\u2019organe de surveillance supr\u00eame d\u2019EuroBasilea SA est le conseil d\u2019administration compos\u00e9 de cinq membres. Il est constitu\u00e9 de cinq actionnaires : trois membres des Chemins de Fer Suisses (CFF) et deux membres de la SNCF.","og_url":"https:\/\/eurobasilea.com\/fr\/le-conseil-dadministration\/","og_site_name":"Eurobasilea","article_modified_time":"2025-11-18T13:18:19+00:00","og_image":[{"width":1920,"height":1280,"url":"https:\/\/eurobasilea.com\/app\/uploads\/2024\/02\/EuroBasilea_Exterieur_2.jpg","type":"image\/jpeg"}],"twitter_card":"summary_large_image","twitter_misc":{"Dur\u00e9e de lecture estim\u00e9e":"1 minute"},"schema":{"@context":"https:\/\/schema.org","@graph":[{"@type":"WebPage","@id":"https:\/\/eurobasilea.com\/fr\/le-conseil-dadministration\/","url":"https:\/\/eurobasilea.com\/fr\/le-conseil-dadministration\/","name":"Le conseil d\u2019administration - Eurobasilea","isPartOf":{"@id":"https:\/\/eurobasilea.com\/fr\/#website"},"primaryImageOfPage":{"@id":"https:\/\/eurobasilea.com\/fr\/le-conseil-dadministration\/#primaryimage"},"image":{"@id":"https:\/\/eurobasilea.com\/fr\/le-conseil-dadministration\/#primaryimage"},"thumbnailUrl":"https:\/\/eurobasilea.com\/app\/uploads\/2024\/02\/EuroBasilea_Exterieur_2.jpg","datePublished":"2024-02-07T09:48:59+00:00","dateModified":"2025-11-18T13:18:19+00:00","description":"L\u2019organe de surveillance supr\u00eame d\u2019EuroBasilea SA est le conseil d\u2019administration compos\u00e9 de cinq membres. Il est constitu\u00e9 de cinq actionnaires : trois membres des Chemins de Fer Suisses (CFF) et deux membres de la SNCF.","breadcrumb":{"@id":"https:\/\/eurobasilea.com\/fr\/le-conseil-dadministration\/#breadcrumb"},"inLanguage":"fr-FR","potentialAction":[{"@type":"ReadAction","target":["https:\/\/eurobasilea.com\/fr\/le-conseil-dadministration\/"]}]},{"@type":"ImageObject","inLanguage":"fr-FR","@id":"https:\/\/eurobasilea.com\/fr\/le-conseil-dadministration\/#primaryimage","url":"https:\/\/eurobasilea.com\/app\/uploads\/2024\/02\/EuroBasilea_Exterieur_2.jpg","contentUrl":"https:\/\/eurobasilea.com\/app\/uploads\/2024\/02\/EuroBasilea_Exterieur_2.jpg","width":1920,"height":1280},{"@type":"BreadcrumbList","@id":"https:\/\/eurobasilea.com\/fr\/le-conseil-dadministration\/#breadcrumb","itemListElement":[{"@type":"ListItem","position":1,"name":"Home","item":"https:\/\/eurobasilea.com\/fr\/"},{"@type":"ListItem","position":2,"name":"Le conseil d\u2019administration"}]},{"@type":"WebSite","@id":"https:\/\/eurobasilea.com\/fr\/#website","url":"https:\/\/eurobasilea.com\/fr\/","name":"Eurobasilea","description":"","potentialAction":[{"@type":"SearchAction","target":{"@type":"EntryPoint","urlTemplate":"https:\/\/eurobasilea.com\/fr\/?s={search_term_string}"},"query-input":{"@type":"PropertyValueSpecification","valueRequired":true,"valueName":"search_term_string"}}],"inLanguage":"fr-FR"}]}},"_links":{"self":[{"href":"https:\/\/eurobasilea.com\/fr\/wp-json\/wp\/v2\/pages\/237","targetHints":{"allow":["GET"]}}],"collection":[{"href":"https:\/\/eurobasilea.com\/fr\/wp-json\/wp\/v2\/pages"}],"about":[{"href":"https:\/\/eurobasilea.com\/fr\/wp-json\/wp\/v2\/types\/page"}],"author":[{"embeddable":true,"href":"https:\/\/eurobasilea.com\/fr\/wp-json\/wp\/v2\/users\/1"}],"replies":[{"embeddable":true,"href":"https:\/\/eurobasilea.com\/fr\/wp-json\/wp\/v2\/comments?post=237"}],"version-history":[{"count":13,"href":"https:\/\/eurobasilea.com\/fr\/wp-json\/wp\/v2\/pages\/237\/revisions"}],"predecessor-version":[{"id":1220,"href":"https:\/\/eurobasilea.com\/fr\/wp-json\/wp\/v2\/pages\/237\/revisions\/1220"}],"wp:featuredmedia":[{"embeddable":true,"href":"https:\/\/eurobasilea.com\/fr\/wp-json\/wp\/v2\/media\/103"}],"wp:attachment":[{"href":"https:\/\/eurobasilea.com\/fr\/wp-json\/wp\/v2\/media?parent=237"}],"curies":[{"name":"wp","href":"https:\/\/api.w.org\/{rel}","templated":true}]}}